{"id":6916,"date":"2021-05-25T14:00:50","date_gmt":"2021-05-25T12:00:50","guid":{"rendered":"https:\/\/transbud-wulkan.pl\/?page_id=6916"},"modified":"2026-04-10T12:21:44","modified_gmt":"2026-04-10T10:21:44","slug":"kruszywa","status":"publish","type":"page","link":"https:\/\/transbud-wulkan.pl\/index.php\/kruszywa\/","title":{"rendered":"Kruszywa"},"content":{"rendered":"<p>[vc_row row_btt_skin=&#8221;light&#8221; row_background_text_position=&#8221;front&#8221;][vc_column width=&#8221;1\/2&#8243;][vc_single_image image=&#8221;7015&#8243; img_size=&#8221;large&#8221; style=&#8221;vc_box_circle_2&#8243; css_animation=&#8221;fadeIn&#8221;][\/vc_column][vc_column width=&#8221;1\/2&#8243;][vc_column_text css_animation=&#8221;slideInDown&#8221;]<\/p>\n<h3><span style=\"color: #000080;\">KRUSZYWA<\/span><\/h3>\n<p>[\/vc_column_text][vc_empty_space height=&#8221;48px&#8221;][vc_column_text css_animation=&#8221;fadeIn&#8221;]<span style=\"color: #333333;\">Posiadamy ca\u0142\u0105 gam\u0119 kruszyw:<\/span><br \/>\n<span style=\"color: #333333;\">&#8211; \u0141upek czerwony przepalony<\/span><br \/>\n<span style=\"color: #333333;\">&#8211; Piaskowiec karbo\u0144ski<\/span><br \/>\n<span style=\"color: #333333;\">&#8211; Piaskowiec \u017c\u00f3\u0142ty<\/span><br \/>\n<span style=\"color: #333333;\">&#8211; Dolomit<\/span><br \/>\n<span style=\"color: #333333;\">&#8211; \u017bwir<\/span><\/p>\n<p><span style=\"color: #333333;\">Istnieje mo\u017cliwo\u015b\u0107 sprzeda\u017cy materia\u0142u wraz z transportem.<\/span><br \/>\n<span style=\"color: #333333;\">W zale\u017cno\u015bci od potrzeb i terminu p\u0142atno\u015bci ceny materia\u0142u do negocjacji .<\/span><br \/>\n<span style=\"color: #333333;\">Miejsce za\u0142adunku materia\u0142\u00f3w : Bytom ul. \u015aw. El\u017cbiety<\/span><br \/>\n<span style=\"color: #333333;\">Na oferowane kruszywa posiadamy wszelkie badania wykonane przez uprawnione instytucje oraz prowadzimy Ksi\u0105\u017ck\u0119 Zak\u0142adow\u0105 Produkcji.<\/span>[\/vc_column_text][\/vc_column][\/vc_row][vc_row row_btt_skin=&#8221;light&#8221; row_background_text_position=&#8221;front&#8221;][vc_column][vc_empty_space height=&#8221;64px&#8221;][vc_column_text css_animation=&#8221;fadeIn&#8221;]<span style=\"color: #333333;\">Przyjmujemy r\u00f3wnie\u017c ziemi\u0119 z wykop\u00f3w, cena do uzgodnienia.<\/span><br \/>\n<span style=\"color: #333333;\">Informujemy r\u00f3wnie\u017c, i\u017c posiadamy wymagane decyzje na wytworzenie i odzysk odpad\u00f3w okre\u015blone przepisami. Prowadzimy pe\u0142n\u0105 dokumentacj\u0119 przej\u0119cia odpadu &#8211; karty przekazania oraz zbiorcze zestawienia.<\/span><\/p>\n<p><span style=\"color: #333333;\">Dyrektor Patryk Wszo\u0142a tel. 606-598-391<\/span>[\/vc_column_text][vc_empty_space][vc_column_text css_animation=&#8221;fadeIn&#8221;]<\/p>\n<h3><span style=\"color: #000080;\">OFERTA<\/span><\/h3>\n<p>[\/vc_column_text][vc_empty_space height=&#8221;8px&#8221;][vc_column_text css_animation=&#8221;fadeIn&#8221;]<\/p>\n<table width=\"838\">\n<tbody>\n<tr>\n<td width=\"383\"><span style=\"color: #000080;\"><strong>KRUSZYWO<\/strong><\/span><\/td>\n<td width=\"455\"><span style=\"color: #000080;\"><strong>GRANULACJA<\/strong><\/span><\/td>\n<\/tr>\n<tr>\n<td rowspan=\"7\" width=\"383\"><span style=\"color: #000080;\">\u0141UPEK CZERWONY<\/span><\/td>\n<td width=\"455\"><span style=\"color: #000080;\">NIESORT<\/span><\/td>\n<\/tr>\n<tr>\n<td width=\"455\"><span style=\"color: #000080;\">0-10<\/span><\/td>\n<\/tr>\n<tr>\n<td width=\"455\"><span style=\"color: #000080;\">0-20<\/span><\/td>\n<\/tr>\n<tr>\n<td width=\"455\"><span style=\"color: #000080;\">10-40<\/span><\/td>\n<\/tr>\n<tr>\n<td width=\"455\"><span style=\"color: #000080;\">0-31,5<\/span><\/td>\n<\/tr>\n<tr>\n<td width=\"455\"><span style=\"color: #000080;\">0-63,5<\/span><\/td>\n<\/tr>\n<tr>\n<td width=\"455\"><span style=\"color: #000080;\">31,5-63,5, 63-120<\/span><\/td>\n<\/tr>\n<tr>\n<td width=\"383\"><span style=\"color: #000080;\">\u0141UPEK NIEPRZEPALONY CZARNY<\/span><\/td>\n<td width=\"455\"><span style=\"color: #000080;\">0-40<\/span><\/td>\n<\/tr>\n<tr>\n<td width=\"383\"><span style=\"color: #000080;\">POSP\u00d3\u0141KA \u017bWIROWO-PIASKOWA<\/span><\/td>\n<td width=\"455\"><span style=\"color: #000080;\">0-20<\/span><\/td>\n<\/tr>\n<tr>\n<td rowspan=\"2\" width=\"383\"><span style=\"color: #000080;\">\u017bWIR<\/span><\/td>\n<td width=\"455\"><span style=\"color: #000080;\">8-16<\/span><\/td>\n<\/tr>\n<tr>\n<td width=\"455\"><span style=\"color: #000080;\">16-31,5<\/span><\/td>\n<\/tr>\n<tr>\n<td rowspan=\"4\" width=\"383\"><span style=\"color: #000080;\">DOLOMIT<\/span><\/td>\n<td width=\"455\"><span style=\"color: #000080;\">0-10<\/span><\/td>\n<\/tr>\n<tr>\n<td width=\"455\"><span style=\"color: #000080;\">0-31,5, 0-63,5<\/span><\/td>\n<\/tr>\n<tr>\n<td width=\"455\"><span style=\"color: #000080;\">10-40<\/span><\/td>\n<\/tr>\n<tr>\n<td width=\"455\"><span style=\"color: #000080;\">31,5-63,5<\/span><\/td>\n<\/tr>\n<tr>\n<td rowspan=\"4\" width=\"383\"><span style=\"color: #000080;\">PIASKOWIEC KARBO\u0143SKI<\/span><\/td>\n<td width=\"455\"><span style=\"color: #000080;\">0-31,5<\/span><\/td>\n<\/tr>\n<tr>\n<td width=\"455\"><span style=\"color: #000080;\">0-63,5<\/span><\/td>\n<\/tr>\n<tr>\n<td width=\"455\"><span style=\"color: #000080;\">10-40<\/span><\/td>\n<\/tr>\n<tr>\n<td width=\"455\"><span style=\"color: #000080;\">31,5-63,5, 63-120, 63-300<\/span><\/td>\n<\/tr>\n<tr>\n<td width=\"383\"><span style=\"color: #000080;\">PIASEK PODSYPKOWY<\/span><\/td>\n<td width=\"455\"><span style=\"color: #000080;\">KL. II<\/span><\/td>\n<\/tr>\n<tr>\n<td width=\"383\"><span style=\"color: #000080;\">PIASEK P\u0141UKANY<\/span><\/td>\n<td width=\"455\"><span style=\"color: #000080;\">&#8211;<\/span><\/td>\n<\/tr>\n<tr>\n<td width=\"383\"><span style=\"color: #000080;\">ZIEMIA<\/span><\/td>\n<td width=\"455\"><span style=\"color: #000080;\">&#8211;<\/span><\/td>\n<\/tr>\n<tr>\n<td width=\"383\"><span style=\"color: #000080;\">MIESZANKA<\/span><\/td>\n<td width=\"455\"><span style=\"color: #000080;\">0-20<\/span><\/td>\n<\/tr>\n<tr>\n<td width=\"383\"><span style=\"color: #000080;\">T\u0141UCZE\u0143<\/span><\/td>\n<td width=\"455\"><span style=\"color: #000080;\">30-60<\/span><\/td>\n<\/tr>\n<tr>\n<td style=\"text-align: left;\" width=\"383\"><span style=\"color: #000080;\"><span style=\"color: #ff0000;\">nowo\u015b\u0107<\/span>\u00a0 \u00a0 \u00a0 \u00a0 \u00a0 \u00a0 \u00a0 \u00a0 \u00a0MIESZANKA KRUSZYWOWA<\/span><\/td>\n<td width=\"455\"><span style=\"color: #000080;\">MKS<\/span><\/td>\n<\/tr>\n<\/tbody>\n<\/table>\n<p>[\/vc_column_text][vc_column_text css_animation=&#8221;fadeIn&#8221;]<span style=\"color: #333333;\">Istnieje mo\u017cliwo\u015b\u0107 sprzeda\u017cy materia\u0142u wraz z transportem.<\/span><\/p>\n<p><span style=\"color: #333333;\">W zale\u017cno\u015bci od potrzeb i terminu p\u0142atno\u015bci <b>ceny materia\u0142u do negocjacji<\/b><\/span><\/p>\n<p><span style=\"color: #333333;\">Miejsce za\u0142adunku materia\u0142\u00f3w: Bytom ul. \u015aw. El\u017cbiety<\/span><\/p>\n<p><span style=\"color: #333333;\">Na oferowane kruszywa posiadamy wymagane prawem badania wykonane przez uprawnione instytucje.<\/span><\/p>\n<p><span style=\"color: #333333;\"><b>Pozostajemy z nadziej\u0105 na mo\u017cliwo\u015b\u0107 nawi\u0105zania owocnej wsp\u00f3\u0142pracy.<\/b><\/span>[\/vc_column_text][\/vc_column][\/vc_row][vc_row row_btt_skin=&#8221;light&#8221; row_background_text_position=&#8221;front&#8221;][vc_column][\/vc_column][\/vc_row][vc_row row_btt_skin=&#8221;light&#8221; row_background_text_position=&#8221;front&#8221;][vc_column][\/vc_column][\/vc_row]<\/p>\n","protected":false},"excerpt":{"rendered":"<p>[vc_row row_btt_skin=&#8221;light&#8221; row_background_text_position=&#8221;front&#8221;][vc_column width=&#8221;1\/2&#8243;][vc_single_image image=&#8221;7015&#8243; img_size=&#8221;large&#8221; style=&#8221;vc_box_circle_2&#8243; css_animation=&#8221;fadeIn&#8221;][\/vc_column][vc_column width=&#8221;1\/2&#8243;][vc_column_text css_animation=&#8221;slideInDown&#8221;] KRUSZYWA [\/vc_column_text][vc_empty_space height=&#8221;48px&#8221;][vc_column_text css_animation=&#8221;fadeIn&#8221;]Posiadamy ca\u0142\u0105 gam\u0119 kruszyw: &#8211; \u0141upek czerwony przepalony &#8211; Piaskowiec karbo\u0144ski &#8211; Piaskowiec \u017c\u00f3\u0142ty &#8211; Dolomit &#8211; \u017bwir Istnieje mo\u017cliwo\u015b\u0107 sprzeda\u017cy materia\u0142u wraz z transportem. W zale\u017cno\u015bci&hellip; <a class=\"continue\" href=\"https:\/\/transbud-wulkan.pl\/index.php\/kruszywa\/\">Continue Reading<span> Kruszywa<\/span><\/a><\/p>\n","protected":false},"author":2,"featured_media":0,"parent":0,"menu_order":0,"comment_status":"closed","ping_status":"closed","template":"","meta":{"footnotes":""},"class_list":["post-6916","page","type-page","status-publish","hentry"],"_links":{"self":[{"href":"https:\/\/transbud-wulkan.pl\/index.php\/wp-json\/wp\/v2\/pages\/6916","targetHints":{"allow":["GET"]}}],"collection":[{"href":"https:\/\/transbud-wulkan.pl\/index.php\/wp-json\/wp\/v2\/pages"}],"about":[{"href":"https:\/\/transbud-wulkan.pl\/index.php\/wp-json\/wp\/v2\/types\/page"}],"author":[{"embeddable":true,"href":"https:\/\/transbud-wulkan.pl\/index.php\/wp-json\/wp\/v2\/users\/2"}],"replies":[{"embeddable":true,"href":"https:\/\/transbud-wulkan.pl\/index.php\/wp-json\/wp\/v2\/comments?post=6916"}],"version-history":[{"count":37,"href":"https:\/\/transbud-wulkan.pl\/index.php\/wp-json\/wp\/v2\/pages\/6916\/revisions"}],"predecessor-version":[{"id":7722,"href":"https:\/\/transbud-wulkan.pl\/index.php\/wp-json\/wp\/v2\/pages\/6916\/revisions\/7722"}],"wp:attachment":[{"href":"https:\/\/transbud-wulkan.pl\/index.php\/wp-json\/wp\/v2\/media?parent=6916"}],"curies":[{"name":"wp","href":"https:\/\/api.w.org\/{rel}","templated":true}]}}