{"id":6962,"date":"2021-05-25T18:51:06","date_gmt":"2021-05-25T16:51:06","guid":{"rendered":"https:\/\/transbud-wulkan.pl\/?page_id=6962"},"modified":"2021-05-26T11:19:50","modified_gmt":"2021-05-26T09:19:50","slug":"wynajem-sprzetu","status":"publish","type":"page","link":"https:\/\/transbud-wulkan.pl\/index.php\/wynajem-sprzetu\/","title":{"rendered":"Wynajem sprz\u0119tu"},"content":{"rendered":"<p>[vc_row row_btt_skin=&#8221;light&#8221; row_background_text_position=&#8221;front&#8221;][vc_column width=&#8221;1\/2&#8243;][vc_column_text css_animation=&#8221;slideInDown&#8221;]<\/p>\n<h3><span style=\"color: #000080;\">WYNAJEM SPRZ\u0118TU<\/span><\/h3>\n<p>[\/vc_column_text][vc_empty_space][vc_column_text]<span style=\"color: #333333;\">Dost\u0119pne s\u0105 sprz\u0119ty o r\u00f3\u017cnych parametrach technicznych, co pozwala na dob\u00f3r odpowiedniego urz\u0105dzenia do wymaga\u0144 danej inwestycji. Nasze maszyny to wy\u0142\u0105cznie najlepsze \u015bwiatowe marki. <\/span><\/p>\n<p><span style=\"color: #333333;\">Dzi\u0119ki do\u015bwiadczonym operatorom i kierowcom gwarantujemy wykonanie zam\u00f3wionych przez Pa\u0144stwo us\u0142ug szybko i na wysokim poziomie. Jeste\u015bmy w stanie dostarczy\u0107 zam\u00f3wiony sprz\u0119t bezpo\u015brednio na miejsce budowy, w ustalonym wcze\u015bniej terminie. <\/span><\/p>\n<p><span style=\"color: #333333;\">Zapewniamy fachowe doradztwo, a na czas wynajmu pe\u0142n\u0105 opiek\u0119 techniczn\u0105. Zwalnia to naszych klient\u00f3w z potrzeby posiadania warsztat\u00f3w, odpowiedniego zapasu cz\u0119\u015bci zamiennych, przeszkolonych mechanik\u00f3w, a tak\u017ce pozwala na ograniczenie przestoj\u00f3w.<br \/>\n<\/span><\/p>\n<p><span style=\"color: #333333;\">Ceny us\u0142ug ka\u017cdorazowo uzgadniane s\u0105 indywidualnie.<\/span><br \/>\n<span style=\"color: #333333;\">Wysoko\u015b\u0107 stawki dobowej zale\u017cna jest od czasu najmu \u2013 im d\u0142u\u017cszy czas najmu, tym ni\u017csza stawka dobowa.<\/span>[\/vc_column_text][\/vc_column][vc_column width=&#8221;1\/2&#8243;][vc_single_image image=&#8221;6754&#8243; img_size=&#8221;large&#8221; style=&#8221;vc_box_circle_2&#8243;][\/vc_column][\/vc_row][vc_row row_btt_skin=&#8221;light&#8221; row_background_text_position=&#8221;front&#8221;][vc_column][vc_column_text]Pozostajemy z nadziej\u0105 na mo\u017cliwo\u015b\u0107 nawi\u0105zania owocnej wsp\u00f3\u0142pracy.<\/p>\n<p><strong>Dyrektor Patryk Wszo\u0142a tel. 606-598-391<\/strong>[\/vc_column_text][vc_empty_space height=&#8221;64px&#8221;][\/vc_column][\/vc_row][vc_row row_btt_skin=&#8221;light&#8221; row_background_text_position=&#8221;front&#8221;][vc_column width=&#8221;1\/2&#8243;][vc_single_image image=&#8221;6978&#8243; img_size=&#8221;200&#215;200&#8243; alignment=&#8221;center&#8221; style=&#8221;vc_box_circle_2&#8243;][\/vc_column][vc_column width=&#8221;1\/2&#8243;][vc_empty_space][vc_column_text]<span style=\"color: #333333;\">\u0141adowarki ko\u0142owe szt. 4 POJ. \u0141Y\u017bKI 4m3 &#8211; 5m3<\/span><\/p>\n<ul>\n<li><span style=\"color: #333333;\">DOOSAN DL 420<\/span><\/li>\n<li><span style=\"color: #333333;\">DOOSAN DL 450<\/span><\/li>\n<li><span style=\"color: #333333;\">LIEBHERR L566<\/span><\/li>\n<\/ul>\n<p>[\/vc_column_text][\/vc_column][\/vc_row][vc_row row_btt_skin=&#8221;light&#8221; row_background_text_position=&#8221;front&#8221;][vc_column][vc_empty_space height=&#8221;64px&#8221;][\/vc_column][\/vc_row][vc_row row_btt_skin=&#8221;light&#8221; row_background_text_position=&#8221;front&#8221;][vc_column width=&#8221;1\/2&#8243;][vc_column_text]<span style=\"color: #333333;\">Koparki g\u0105sienicowe szt. 15<\/span><\/p>\n<ul>\n<li><span style=\"color: #333333;\">DOOSAN DX 340 (\u0142y\u017cka 2m3 ; 2,4 m3)<\/span><\/li>\n<li><span style=\"color: #333333;\">CAT 324 DL (\u0142y\u017cka 1,8 m3)<\/span><\/li>\n<li><span style=\"color: #333333;\">KOMATSU PC 360<\/span><\/li>\n<li><span style=\"color: #333333;\">KOMATSU PC 350 (\u0142y\u017cka 2,4 m3)<\/span><\/li>\n<li><span style=\"color: #333333;\">CASE CX 240 (\u0142y\u017cka 1,5 m3)<\/span><\/li>\n<li><span style=\"color: #333333;\">LIEBHERR R944<\/span><\/li>\n<li><span style=\"color: #333333;\">VOLVO EC 290<\/span><\/li>\n<\/ul>\n<p>[\/vc_column_text][\/vc_column][vc_column width=&#8221;1\/2&#8243;][vc_empty_space height=&#8221;24px&#8221;][vc_single_image image=&#8221;6755&#8243; img_size=&#8221;200&#215;200&#8243; style=&#8221;vc_box_circle_2&#8243;][\/vc_column][\/vc_row][vc_row row_btt_skin=&#8221;light&#8221; row_background_text_position=&#8221;front&#8221;][vc_column][vc_empty_space height=&#8221;64px&#8221;][\/vc_column][\/vc_row][vc_row row_btt_skin=&#8221;light&#8221; row_background_text_position=&#8221;front&#8221;][vc_column width=&#8221;1\/2&#8243;][vc_single_image image=&#8221;6988&#8243; img_size=&#8221;200&#215;200&#8243; alignment=&#8221;center&#8221; style=&#8221;vc_box_circle_2&#8243;][\/vc_column][vc_column width=&#8221;1\/2&#8243;][vc_empty_space height=&#8221;24px&#8221;][vc_column_text]<span style=\"color: #333333;\">Koparki g\u0105sienicowe z m\u0142otami hydraulicznymi szt. 4<\/span><br \/>\n<span style=\"color: #333333;\">Koparko-\u0142adowarki: JCB 3CX<\/span><br \/>\n<span style=\"color: #333333;\">Koparka ko\u0142owa: CAT 316<\/span><br \/>\n<span style=\"color: #333333;\">Kruszarki: szcz\u0119kowe, udarowe<\/span><br \/>\n<span style=\"color: #333333;\">Spychacz CAT D6N<\/span>[\/vc_column_text][\/vc_column][\/vc_row][vc_row row_btt_skin=&#8221;light&#8221; row_background_text_position=&#8221;front&#8221;][vc_column][vc_empty_space height=&#8221;64px&#8221;][\/vc_column][\/vc_row][vc_row row_btt_skin=&#8221;light&#8221; row_background_text_position=&#8221;front&#8221;][vc_column width=&#8221;1\/2&#8243;][vc_empty_space height=&#8221;24px&#8221;][vc_column_text]<span style=\"color: #333333;\">Przesiewacze<\/span><\/p>\n<ul>\n<li><span style=\"color: #333333;\">EXTEC 5000 TURBO<\/span><\/li>\n<li><span style=\"color: #333333;\">KLEEMANN MS19<\/span><\/li>\n<li><span style=\"color: #333333;\">POWERSCREEN WARRIOR- 1800<\/span><\/li>\n<li><span style=\"color: #333333;\">POWERSCREEN TROMMEL<\/span><\/li>\n<\/ul>\n<p>[\/vc_column_text][\/vc_column][vc_column width=&#8221;1\/2&#8243;][vc_single_image image=&#8221;6994&#8243; img_size=&#8221;200&#215;200&#8243; style=&#8221;vc_box_circle_2&#8243;][\/vc_column][\/vc_row][vc_row row_btt_skin=&#8221;light&#8221; row_background_text_position=&#8221;front&#8221;][vc_column][vc_empty_space height=&#8221;64px&#8221;][\/vc_column][\/vc_row][vc_row row_btt_skin=&#8221;light&#8221; row_background_text_position=&#8221;front&#8221;][vc_column width=&#8221;1\/2&#8243;][vc_single_image image=&#8221;6998&#8243; img_size=&#8221;200&#215;200&#8243; alignment=&#8221;center&#8221; style=&#8221;vc_box_circle_2&#8243;][\/vc_column][vc_column width=&#8221;1\/2&#8243;][vc_empty_space height=&#8221;48px&#8221;][vc_column_text]<span style=\"color: #333333;\">Mobilny zak\u0142ad betoniarski BELMIX MOBILE BM300 (w\u0119ze\u0142 betoniarski wydajno\u015b\u0107 300 m<sup>3<\/sup>\/h)<\/span>[\/vc_column_text][\/vc_column][\/vc_row][vc_row row_btt_skin=&#8221;light&#8221; row_background_text_position=&#8221;front&#8221;][vc_column][vc_empty_space height=&#8221;64px&#8221;][\/vc_column][\/vc_row][vc_row row_btt_skin=&#8221;light&#8221; row_background_text_position=&#8221;front&#8221;][vc_column width=&#8221;1\/2&#8243;][vc_empty_space][vc_column_text]<span style=\"color: #333333;\">Zamiatarki lub polewaczka<\/span><\/p>\n<ul>\n<li><span style=\"color: #333333;\">Traktor NEW HOLLAND TM135<\/span><\/li>\n<li><span style=\"color: #333333;\">Traktor MASSEY FERGUSON<\/span><\/li>\n<\/ul>\n<p>[\/vc_column_text][\/vc_column][vc_column width=&#8221;1\/2&#8243;][vc_single_image image=&#8221;7004&#8243; img_size=&#8221;200&#215;200&#8243; style=&#8221;vc_box_circle_2&#8243;][\/vc_column][\/vc_row][vc_row row_btt_skin=&#8221;light&#8221; row_background_text_position=&#8221;front&#8221;][vc_column][vc_empty_space height=&#8221;64px&#8221;][\/vc_column][\/vc_row][vc_row row_btt_skin=&#8221;light&#8221; row_background_text_position=&#8221;front&#8221;][vc_column width=&#8221;1\/2&#8243;][vc_single_image image=&#8221;7006&#8243; img_size=&#8221;200&#215;200&#8243; alignment=&#8221;center&#8221; style=&#8221;vc_box_circle_2&#8243;][\/vc_column][vc_column width=&#8221;1\/2&#8243;][vc_empty_space][vc_column_text]<span style=\"color: #333333;\">Solarki, piaskarki z p\u0142ugiem<\/span><\/p>\n<ul>\n<li><span style=\"color: #333333;\">Traktor NEW HOLLAND TM135<\/span><\/li>\n<li><span style=\"color: #333333;\">Traktor MASSEY FERGUSON 3115<\/span><\/li>\n<\/ul>\n<p>[\/vc_column_text][\/vc_column][\/vc_row][vc_row row_btt_skin=&#8221;light&#8221; row_background_text_position=&#8221;front&#8221;][vc_column][vc_empty_space height=&#8221;64px&#8221;][\/vc_column][\/vc_row][vc_row row_btt_skin=&#8221;light&#8221; row_background_text_position=&#8221;front&#8221;][vc_column width=&#8221;1\/2&#8243;][vc_empty_space][vc_column_text]<span style=\"color: #333333;\">Traktory z przyczepami budowlanymi : &#8211; przyczepa wywrotka 18t<\/span><\/p>\n<ul>\n<li><span style=\"color: #333333;\">FENDT 716 VARIO<\/span><\/li>\n<li><span style=\"color: #333333;\">NEW HOLLAND TM 175<\/span><\/li>\n<li><span style=\"color: #333333;\">NEW HOLLAND TM135<\/span><\/li>\n<li><span style=\"color: #333333;\">MASSEY FERGUSON 3115<\/span><\/li>\n<\/ul>\n<p>[\/vc_column_text][\/vc_column][vc_column width=&#8221;1\/2&#8243;][vc_single_image image=&#8221;7011&#8243; img_size=&#8221;200&#215;200&#8243; style=&#8221;vc_box_circle_2&#8243;][\/vc_column][\/vc_row][vc_row row_btt_skin=&#8221;light&#8221; row_background_text_position=&#8221;front&#8221;][vc_column][vc_empty_space height=&#8221;64px&#8221;][\/vc_column][\/vc_row][vc_row row_btt_skin=&#8221;light&#8221; row_background_text_position=&#8221;front&#8221;][vc_column width=&#8221;1\/2&#8243;][vc_empty_space height=&#8221;24px&#8221;][vc_single_image image=&#8221;7012&#8243; img_size=&#8221;200&#215;200&#8243; alignment=&#8221;center&#8221; style=&#8221;vc_box_circle_2&#8243;][\/vc_column][vc_column width=&#8221;1\/2&#8243;][vc_empty_space height=&#8221;16px&#8221;][vc_column_text]<span style=\"color: #333333;\">Wywrotki czteroosiowe<\/span><br \/>\n<span style=\"color: #333333;\">M\u0142oty hydrauliczne 1,0 ton; 1,5 ton ; 2,5 ton<\/span><br \/>\n<span style=\"color: #333333;\">Szcz\u0119ki do betonu<\/span><br \/>\n<span style=\"color: #333333;\">Walce wibracyjne od 3-18 ton<\/span><br \/>\n<span style=\"color: #333333;\">Samochody ci\u0119\u017carowe \u0142adowno\u015b\u0107 25 ton<\/span><br \/>\n<span style=\"color: #333333;\">Wywrotki czteroosiowe<\/span><br \/>\n<span style=\"color: #333333;\">Wozid\u0142a przegubowe od 2-25 ton<\/span><br \/>\n<span style=\"color: #333333;\">\u0141adowarka teleskopowa JCB<\/span>[\/vc_column_text][\/vc_column][\/vc_row]<\/p>\n","protected":false},"excerpt":{"rendered":"<p>[vc_row row_btt_skin=&#8221;light&#8221; row_background_text_position=&#8221;front&#8221;][vc_column width=&#8221;1\/2&#8243;][vc_column_text css_animation=&#8221;slideInDown&#8221;] WYNAJEM SPRZ\u0118TU [\/vc_column_text][vc_empty_space][vc_column_text]Dost\u0119pne s\u0105 sprz\u0119ty o r\u00f3\u017cnych parametrach technicznych, co pozwala na dob\u00f3r odpowiedniego urz\u0105dzenia do wymaga\u0144 danej inwestycji. Nasze maszyny to wy\u0142\u0105cznie najlepsze \u015bwiatowe marki. Dzi\u0119ki do\u015bwiadczonym operatorom i kierowcom gwarantujemy wykonanie zam\u00f3wionych przez&hellip; <a class=\"continue\" href=\"https:\/\/transbud-wulkan.pl\/index.php\/wynajem-sprzetu\/\">Continue Reading<span> Wynajem sprz\u0119tu<\/span><\/a><\/p>\n","protected":false},"author":2,"featured_media":0,"parent":0,"menu_order":0,"comment_status":"closed","ping_status":"closed","template":"","meta":{"footnotes":""},"class_list":["post-6962","page","type-page","status-publish","hentry"],"_links":{"self":[{"href":"https:\/\/transbud-wulkan.pl\/index.php\/wp-json\/wp\/v2\/pages\/6962","targetHints":{"allow":["GET"]}}],"collection":[{"href":"https:\/\/transbud-wulkan.pl\/index.php\/wp-json\/wp\/v2\/pages"}],"about":[{"href":"https:\/\/transbud-wulkan.pl\/index.php\/wp-json\/wp\/v2\/types\/page"}],"author":[{"embeddable":true,"href":"https:\/\/transbud-wulkan.pl\/index.php\/wp-json\/wp\/v2\/users\/2"}],"replies":[{"embeddable":true,"href":"https:\/\/transbud-wulkan.pl\/index.php\/wp-json\/wp\/v2\/comments?post=6962"}],"version-history":[{"count":38,"href":"https:\/\/transbud-wulkan.pl\/index.php\/wp-json\/wp\/v2\/pages\/6962\/revisions"}],"predecessor-version":[{"id":7014,"href":"https:\/\/transbud-wulkan.pl\/index.php\/wp-json\/wp\/v2\/pages\/6962\/revisions\/7014"}],"wp:attachment":[{"href":"https:\/\/transbud-wulkan.pl\/index.php\/wp-json\/wp\/v2\/media?parent=6962"}],"curies":[{"name":"wp","href":"https:\/\/api.w.org\/{rel}","templated":true}]}}