{"id":7021,"date":"2021-05-26T08:57:04","date_gmt":"2021-05-26T06:57:04","guid":{"rendered":"https:\/\/transbud-wulkan.pl\/?page_id=7021"},"modified":"2021-05-26T11:19:01","modified_gmt":"2021-05-26T09:19:01","slug":"sprzedaz-maszyn","status":"publish","type":"page","link":"https:\/\/transbud-wulkan.pl\/index.php\/sprzedaz-maszyn\/","title":{"rendered":"Sprzeda\u017c maszyn"},"content":{"rendered":"<p>[vc_row row_btt_skin=&#8221;light&#8221; row_background_text_position=&#8221;front&#8221;][vc_column][vc_column_text]<\/p>\n<h3><span style=\"color: #000080;\">SPRZEDA\u017b MASZYN<\/span><\/h3>\n<p>[\/vc_column_text][\/vc_column][\/vc_row][vc_row row_btt_skin=&#8221;light&#8221; row_background_text_position=&#8221;front&#8221;][vc_column][vc_empty_space][\/vc_column][\/vc_row][vc_row row_btt_skin=&#8221;light&#8221; row_background_text_position=&#8221;front&#8221;][vc_column][vc_column_text]<span style=\"color: #333333;\">Sprz\u0119t na sprzeda\u017c:<\/span>[\/vc_column_text][vc_empty_space][\/vc_column][\/vc_row][vc_row row_btt_skin=&#8221;light&#8221; row_background_text_position=&#8221;front&#8221;][vc_column][vc_column_text]<\/p>\n<table width=\"1941\">\n<tbody>\n<tr>\n<td width=\"649\"><strong>Marka<\/strong><\/td>\n<td width=\"383\"><strong>Rocznik<\/strong><\/td>\n<td width=\"910\"><strong>Stan<\/strong><\/td>\n<\/tr>\n<tr>\n<td width=\"649\">koparka g\u0105sienicowa CASE CX240<\/td>\n<td width=\"383\">2008<\/td>\n<td width=\"910\">oko\u0142o 4500 (podpi\u0119cie pod m\u0142ot )<\/td>\n<\/tr>\n<tr>\n<td width=\"649\">koparka g\u0105sienicowa DAEWOO DX DOOSAN DX 340 LC<\/td>\n<td width=\"383\">2006<\/td>\n<td width=\"910\">s\u0105 4 szt tylko nastepne sa 2007 i 2008 rok (podpi\u0119cia pod m\u0142ot i szcz\u0119k\u0119 )<\/td>\n<\/tr>\n<tr>\n<td width=\"649\">koparka g\u0105sienicowa CAT 325 CL A0B01620<\/td>\n<td width=\"383\">2005<\/td>\n<td width=\"910\">oko\u0142o 12000<\/td>\n<\/tr>\n<tr>\n<td width=\"649\">koparka Komatsu PC450-7K HydraulicExcavator<\/td>\n<td width=\"383\">2005<\/td>\n<td width=\"910\">oko\u0142o 16000<\/td>\n<\/tr>\n<tr>\n<td width=\"649\">\u0142adowarka DAEWOO DOOSAN DL 400<\/td>\n<td width=\"383\">2007<\/td>\n<td width=\"910\">oko\u0142o 10000 (waga do wa\u017cenia)<\/td>\n<\/tr>\n<tr>\n<td width=\"649\">ci\u0105gnik rolniczy MASSEY FERGUSON B115\/4 SBE FP09<\/td>\n<td width=\"383\">1990<\/td>\n<td width=\"910\">(przedni tuz )<\/td>\n<\/tr>\n<tr>\n<td width=\"649\">traktor NEW HOLLAND TM 135 SBE<\/td>\n<td width=\"383\">1996<\/td>\n<td width=\"910\">&#8211;<\/td>\n<\/tr>\n<tr>\n<td width=\"649\">M\u0142ot Montabert VN 2500<\/td>\n<td width=\"383\">2007<\/td>\n<td width=\"910\">&#8211;<\/td>\n<\/tr>\n<tr>\n<td width=\"649\">Komatsu PC 350 LC-8<\/td>\n<td width=\"383\">2007<\/td>\n<td width=\"910\">oko\u0142o 7000 (podpi\u0119cie pod m\u0142ot i szcz\u0119k\u0119)<\/td>\n<\/tr>\n<tr>\n<td width=\"649\">Zamiatarka Daf<\/td>\n<td width=\"383\">1996<\/td>\n<td width=\"910\">&#8211;<\/td>\n<\/tr>\n<tr>\n<td width=\"649\">Zamiatarka Mercedes 1414<\/td>\n<td width=\"383\">1987<\/td>\n<td width=\"910\">&#8211;<\/td>\n<\/tr>\n<tr>\n<td width=\"649\">Zamiatarka Man + Posypywarka<\/td>\n<td width=\"383\">1995<\/td>\n<td width=\"910\">&#8211;<\/td>\n<\/tr>\n<tr>\n<td width=\"649\">Daf LF 75 Smieciarka<\/td>\n<td width=\"383\">2002<\/td>\n<td width=\"910\">&#8211;<\/td>\n<\/tr>\n<tr>\n<td width=\"649\">Walec Metal- Guma Shantui<\/td>\n<td width=\"383\">2008<\/td>\n<td width=\"910\">&#8211;<\/td>\n<\/tr>\n<tr>\n<td width=\"649\">Walec Hamm 12 VV metal-metal 3 tonowy<\/td>\n<td width=\"383\">2008<\/td>\n<td width=\"910\">&#8211;<\/td>\n<\/tr>\n<tr>\n<td width=\"649\">Rozcielacz Asfaltu<\/td>\n<td width=\"383\">2008<\/td>\n<td width=\"910\">&#8211;<\/td>\n<\/tr>\n<tr>\n<td width=\"649\">Walec Bomag BW-120<\/td>\n<td width=\"383\">1998<\/td>\n<td width=\"910\">&#8211;<\/td>\n<\/tr>\n<tr>\n<td width=\"649\">Wie\u017ca \u015bwietlna<\/td>\n<td width=\"383\">2003<\/td>\n<td width=\"910\">&#8211;<\/td>\n<\/tr>\n<tr>\n<td width=\"649\">\u0141y\u017cki do \u0142adowarki doosan DL 420 , DL 450<\/td>\n<td width=\"383\">2011<\/td>\n<td width=\"910\">Nieu\u017cywane<\/td>\n<\/tr>\n<tr>\n<td width=\"649\">Renault C290-19 wywrotka<\/td>\n<td width=\"383\">&#8211;<\/td>\n<td width=\"910\">&#8211;<\/td>\n<\/tr>\n<tr>\n<td width=\"649\">Stabilizator gruntu (kultywator )<\/td>\n<td width=\"383\">1998<\/td>\n<td width=\"910\">&#8211;<\/td>\n<\/tr>\n<tr>\n<td width=\"649\">obrotowe szcz\u0119ki do betonu<\/td>\n<td width=\"383\">2008<\/td>\n<td width=\"910\">&#8211;<\/td>\n<\/tr>\n<tr>\n<td width=\"649\">Wozid\u0142o terex 2566 6&#215;6<\/td>\n<td width=\"383\">&#8211;<\/td>\n<td width=\"910\">&#8211;<\/td>\n<\/tr>\n<tr>\n<td width=\"649\">Kosiarka do traktora na prz\u00f3d<\/td>\n<td width=\"383\">2006<\/td>\n<td width=\"910\">szeroko\u015b\u0107 3 metry<\/td>\n<\/tr>\n<tr>\n<td width=\"649\">wozid\u0142o ausa<\/td>\n<td width=\"383\">&#8211;<\/td>\n<td width=\"910\">&#8211;<\/td>\n<\/tr>\n<tr>\n<td width=\"649\">wozid\u0142o benford 3- tonowe<\/td>\n<td width=\"383\">2005<\/td>\n<td width=\"910\">&#8211;<\/td>\n<\/tr>\n<tr>\n<td width=\"649\">wozid\u0142o barford 5 -tonowe<\/td>\n<td width=\"383\">1999<\/td>\n<td width=\"910\">&#8211;<\/td>\n<\/tr>\n<tr>\n<td width=\"649\">beczka asenizacyjna<\/td>\n<td width=\"383\">1984<\/td>\n<td width=\"910\">&#8211;<\/td>\n<\/tr>\n<tr>\n<td width=\"649\">fendt 716 Vario<\/td>\n<td width=\"383\">2001<\/td>\n<td width=\"910\">( przedni tuz , wa\u0142ek nap\u0119dowy z przodu traktora)<\/td>\n<\/tr>\n<tr>\n<td width=\"649\">kosiarka do golfa Joskin<\/td>\n<td width=\"383\">2006<\/td>\n<td width=\"910\">&#8211;<\/td>\n<\/tr>\n<tr>\n<td width=\"649\">Kruszarka Pegson udarowa typ tracpactor 1412<\/td>\n<td width=\"383\">2006<\/td>\n<td width=\"910\">&#8211;<\/td>\n<\/tr>\n<tr>\n<td width=\"649\">Sortownik warrior 1800<\/td>\n<td width=\"383\">2008<\/td>\n<td width=\"910\">&#8211;<\/td>\n<\/tr>\n<tr>\n<td width=\"649\">New Holand TM 175<\/td>\n<td width=\"383\">2003<\/td>\n<td width=\"910\">&#8211;<\/td>\n<\/tr>\n<tr>\n<td width=\"649\">\u0141adowarka Doosan 420<\/td>\n<td width=\"383\">&#8211;<\/td>\n<td width=\"910\">&#8211;<\/td>\n<\/tr>\n<tr>\n<td width=\"649\">\u0141adowarka Doosan 450<\/td>\n<td width=\"383\">&#8211;<\/td>\n<td width=\"910\">&#8211;<\/td>\n<\/tr>\n<tr>\n<td width=\"649\">\u0141y\u017cki do koparek<\/td>\n<td width=\"383\">&#8211;<\/td>\n<td width=\"910\">&#8211;<\/td>\n<\/tr>\n<tr>\n<td width=\"649\">M\u0142ot Montabert VN 700<\/td>\n<td width=\"383\">2003<\/td>\n<td width=\"910\">&#8211;<\/td>\n<\/tr>\n<tr>\n<td width=\"649\">sortownik powerscreen ma\u0142y<\/td>\n<td width=\"383\">&#8211;<\/td>\n<td width=\"910\">&#8211;<\/td>\n<\/tr>\n<tr>\n<td width=\"649\">przyczepy do traktor\u00f3w<\/td>\n<td width=\"383\">&#8211;<\/td>\n<td width=\"910\">&#8211;<\/td>\n<\/tr>\n<\/tbody>\n<\/table>\n<p><span style=\"color: #333333;\">\u00a0<\/span>[\/vc_column_text][\/vc_column][\/vc_row]<\/p>\n","protected":false},"excerpt":{"rendered":"<p>[vc_row row_btt_skin=&#8221;light&#8221; row_background_text_position=&#8221;front&#8221;][vc_column][vc_column_text] SPRZEDA\u017b MASZYN [\/vc_column_text][\/vc_column][\/vc_row][vc_row row_btt_skin=&#8221;light&#8221; row_background_text_position=&#8221;front&#8221;][vc_column][vc_empty_space][\/vc_column][\/vc_row][vc_row row_btt_skin=&#8221;light&#8221; row_background_text_position=&#8221;front&#8221;][vc_column][vc_column_text]Sprz\u0119t na sprzeda\u017c:[\/vc_column_text][vc_empty_space][\/vc_column][\/vc_row][vc_row row_btt_skin=&#8221;light&#8221; row_background_text_position=&#8221;front&#8221;][vc_column][vc_column_text] Marka Rocznik Stan koparka g\u0105sienicowa CASE CX240 2008 oko\u0142o 4500 (podpi\u0119cie pod m\u0142ot ) koparka g\u0105sienicowa DAEWOO DX DOOSAN DX 340 LC 2006 s\u0105 4 szt&hellip; <a class=\"continue\" href=\"https:\/\/transbud-wulkan.pl\/index.php\/sprzedaz-maszyn\/\">Continue Reading<span> Sprzeda\u017c maszyn<\/span><\/a><\/p>\n","protected":false},"author":2,"featured_media":0,"parent":0,"menu_order":0,"comment_status":"closed","ping_status":"closed","template":"","meta":{"footnotes":""},"class_list":["post-7021","page","type-page","status-publish","hentry"],"_links":{"self":[{"href":"https:\/\/transbud-wulkan.pl\/index.php\/wp-json\/wp\/v2\/pages\/7021","targetHints":{"allow":["GET"]}}],"collection":[{"href":"https:\/\/transbud-wulkan.pl\/index.php\/wp-json\/wp\/v2\/pages"}],"about":[{"href":"https:\/\/transbud-wulkan.pl\/index.php\/wp-json\/wp\/v2\/types\/page"}],"author":[{"embeddable":true,"href":"https:\/\/transbud-wulkan.pl\/index.php\/wp-json\/wp\/v2\/users\/2"}],"replies":[{"embeddable":true,"href":"https:\/\/transbud-wulkan.pl\/index.php\/wp-json\/wp\/v2\/comments?post=7021"}],"version-history":[{"count":4,"href":"https:\/\/transbud-wulkan.pl\/index.php\/wp-json\/wp\/v2\/pages\/7021\/revisions"}],"predecessor-version":[{"id":7050,"href":"https:\/\/transbud-wulkan.pl\/index.php\/wp-json\/wp\/v2\/pages\/7021\/revisions\/7050"}],"wp:attachment":[{"href":"https:\/\/transbud-wulkan.pl\/index.php\/wp-json\/wp\/v2\/media?parent=7021"}],"curies":[{"name":"wp","href":"https:\/\/api.w.org\/{rel}","templated":true}]}}