{"id":7026,"date":"2021-05-26T09:04:26","date_gmt":"2021-05-26T07:04:26","guid":{"rendered":"https:\/\/transbud-wulkan.pl\/?page_id=7026"},"modified":"2026-04-10T13:56:24","modified_gmt":"2026-04-10T11:56:24","slug":"dotacje-projekty-ue","status":"publish","type":"page","link":"https:\/\/transbud-wulkan.pl\/index.php\/dotacje-projekty-ue\/","title":{"rendered":"Dotacje, projekty UE"},"content":{"rendered":"<p>[vc_row row_btt_skin=&#8221;light&#8221; row_background_text_position=&#8221;front&#8221;][vc_column][vc_column_text]<\/p>\n<h3><span style=\"color: #000080;\">DOTACJE, PROJEKTY UE<\/span><\/h3>\n<p>[\/vc_column_text][vc_empty_space height=&#8221;48px&#8221;][\/vc_column][\/vc_row][vc_row row_btt_skin=&#8221;light&#8221; row_background_text_position=&#8221;front&#8221;][vc_column][vc_single_image image=&#8221;7511&#8243; img_size=&#8221;large&#8221; alignment=&#8221;center&#8221;][vc_column_text]<\/p>\n<h4 style=\"text-align: center;\"><strong>#FunduszeUE<\/strong><\/h4>\n<h4 style=\"text-align: left;\"><strong><span class=\"TextRun SCXW69909493 BCX0\" lang=\"PL-PL\" xml:lang=\"PL-PL\" data-contrast=\"auto\"><span class=\"NormalTextRun SCXW69909493 BCX0\">Wprowadzenie nowego produktu celem zwi\u0119kszenia konkurencyjno\u015bci oraz \u0142agodzenia skutk\u00f3w transformacji<\/span><\/span><\/strong><\/h4>\n<p><span data-contrast=\"auto\">Celem projektu jest wprowadzenie nowego produktu oraz procesu opieraj\u0105cych si\u0119 na koncepcji wykorzystania do produkcji produkt\u00f3w ubocznych i\/lub odpad\u00f3w pochodz\u0105cych z g\u00f3rnictwa i energetyki, co zostanie osi\u0105gni\u0119te dzi\u0119ki realizacji zakup\u00f3w prac i materia\u0142\u00f3w budowalnych, maszyn i urz\u0105dze\u0144 oraz system\u00f3w zaplanowanych projektem. Inwestycja uwzgl\u0119dnia tak\u017ce koncepcj\u0119 pozyskania i wykorzystania w procesie produkcyjnym energii elektrycznej z OZE. Realizacja projektu ponadto wywo\u0142a liczne dodatkowe efekty, w tym takie jak:<\/span><span data-ccp-props=\"{&quot;201341983&quot;:0,&quot;335551550&quot;:6,&quot;335551620&quot;:6,&quot;335559739&quot;:0,&quot;335559740&quot;:240}\">\u00a0<\/span><\/p>\n<p><span data-contrast=\"auto\">&#8211; wej\u015bcie na nowe rynki,<\/span><span data-ccp-props=\"{&quot;201341983&quot;:0,&quot;335551550&quot;:6,&quot;335551620&quot;:6,&quot;335559739&quot;:0,&quot;335559740&quot;:240}\">\u00a0<\/span><\/p>\n<p><span data-contrast=\"auto\">&#8211; poprawa jako\u015bci pracy,<\/span><span data-ccp-props=\"{&quot;201341983&quot;:0,&quot;335551550&quot;:6,&quot;335551620&quot;:6,&quot;335559739&quot;:0,&quot;335559740&quot;:240}\">\u00a0<\/span><\/p>\n<p><span data-contrast=\"auto\">&#8211; wykorzystanie OZE,<\/span><span data-ccp-props=\"{&quot;201341983&quot;:0,&quot;335551550&quot;:6,&quot;335551620&quot;:6,&quot;335559739&quot;:0,&quot;335559740&quot;:240}\">\u00a0<\/span><\/p>\n<p><span data-contrast=\"auto\">&#8211; utrzymanie i stworzenie miejsc pracy.<\/span><span data-ccp-props=\"{&quot;201341983&quot;:0,&quot;335551550&quot;:6,&quot;335551620&quot;:6,&quot;335559739&quot;:0,&quot;335559740&quot;:240}\">\u00a0<\/span><\/p>\n<p><span data-contrast=\"auto\">Wnioskodawca planuje oprze\u0107 ca\u0142o\u015b\u0107 procesu technologicznego o produkty uboczne i\/lub odpady poprzez zast\u0105pienie nimi surowc\u00f3w naturalnych, co b\u0119dzie realizowa\u0142o za\u0142o\u017cenia Gospodarki Obiegu Zamkni\u0119tego. Projekt prowadzi do minimalizowania zu\u017cycia surowc\u00f3w i wielko\u015bci odpad\u00f3w, ograniczania emisji i utraty energii poprzez tworzenie zamkni\u0119tej p\u0119tli proces\u00f3w, w kt\u00f3rych odpady z jednych proces\u00f3w s\u0105 wykorzystywane jako surowce dla innych, co maksymalnie zmniejsza globaln\u0105 ilo\u015b\u0107 odpad\u00f3w. Realizacja projektu przyczyni si\u0119 do \u0142agodzenia skutk\u00f3w transformacji wojew\u00f3dztwa<\/span><span data-ccp-props=\"{&quot;201341983&quot;:0,&quot;335551550&quot;:6,&quot;335551620&quot;:6,&quot;335559739&quot;:0,&quot;335559740&quot;:240}\">\u00a0<\/span><span data-contrast=\"auto\">\u015bl\u0105skiego wp\u0142ywaj\u0105cych na gospodark\u0119, zatrudnienie, spo\u0142ecze\u0144stwo i \u015brodowisko.<\/span><span data-ccp-props=\"{&quot;201341983&quot;:0,&quot;335551550&quot;:6,&quot;335551620&quot;:6,&quot;335559739&quot;:0,&quot;335559740&quot;:259}\">\u00a0<\/span><\/p>\n<p><span data-contrast=\"none\">Grupy docelowe (do kogo skierowany jest projekt, kto z niego skorzysta):<\/span><\/p>\n<p><span data-contrast=\"auto\">Projekt przyczyni si\u0119 do rozwoju infrastruktury Firmy TRANSBUD-WULKAN ZDZIS\u0141AW WSZO\u0141A SP\u00d3\u0141KA Z OGRANICZON\u0104 ODPOWIEDZIALNO\u015aCI\u0104 m.in. przez zaoferowanie us\u0142ug wg zaprojektowanych innowacyjnych i przyjaznych \u015brodowisku naturalnemu proces\u00f3w. Rynkiem zbytu (docelowym) dla wytwarzanego przez Wnioskodawc\u0119 produktu, b\u0119d\u0105 szeroko rozumiane firmy budowlane zajmuj\u0105ce si\u0119 budow\u0105 i remontem dr\u00f3g, autostrad, plac\u00f3w parking\u00f3w, linii kolejowych, tramwajowych itp., szukaj\u0105ce nowych produkt\u00f3w na bazie materia\u0142\u00f3w pozyskanych z recyklingu spe\u0142niaj\u0105cych okre\u015blone normy prawne.<\/span><span data-ccp-props=\"{&quot;201341983&quot;:0,&quot;335551550&quot;:6,&quot;335551620&quot;:6,&quot;335559739&quot;:0,&quot;335559740&quot;:240}\">\u00a0<\/span><\/p>\n<p><strong>Warto\u015b\u0107 projektu (ca\u0142kowity koszt projektu): <\/strong><span data-contrast=\"auto\">19 480 500.00 z\u0142<\/span><\/p>\n<p><strong>Warto\u015b\u0107 dofinansowania z UE: <\/strong><span data-contrast=\"auto\">9 673 000.00 z\u0142<\/span><\/p>\n<p><strong>\u0179r\u00f3d\u0142o finansowania:<\/strong> Fundusz na rzecz Sprawiedliwej Transformacji, Fundusze Europejskie dla \u015al\u0105skiego 2021-2027[\/vc_column_text][vc_empty_space][\/vc_column][\/vc_row][vc_row row_btt_skin=&#8221;light&#8221; row_background_text_position=&#8221;front&#8221;][vc_column][vc_column_text]<\/p>\n<h3 style=\"text-align: center;\"><span style=\"color: #333333;\">Nowy produkt &#8211; Mieszanka Kruszywowa MKS<\/span><\/h3>\n<p>[\/vc_column_text][\/vc_column][vc_column width=&#8221;1\/2&#8243;][vc_empty_space][vc_single_image image=&#8221;7712&#8243; img_size=&#8221;large&#8221; alignment=&#8221;center&#8221; style=&#8221;vc_box_shadow&#8221;][vc_empty_space][vc_empty_space][\/vc_column][vc_column width=&#8221;1\/2&#8243;][vc_empty_space][vc_single_image image=&#8221;7719&#8243; img_size=&#8221;large&#8221; alignment=&#8221;center&#8221; style=&#8221;vc_box_shadow&#8221;][\/vc_column][\/vc_row][vc_row row_btt_skin=&#8221;light&#8221; row_background_text_position=&#8221;front&#8221;][vc_column][vc_separator color=&#8221;black&#8221; border_width=&#8221;4&#8243;][vc_column_text]<span style=\"color: #333333;\">Nowa us\u0142uga <\/span><span style=\"color: #333333;\">&#8211; segregacja i produkcja kruszyw<\/span>.[\/vc_column_text][vc_empty_space][vc_single_image image=&#8221;7029&#8243; img_size=&#8221;large&#8221; alignment=&#8221;center&#8221; style=&#8221;vc_box_shadow&#8221;][vc_column_text]<span style=\"color: #333333;\">W zwi\u0105zku z realizacj\u0105 projektu pn. ,,Unikalna mobilna us\u0142uga polegaj\u0105ca na segregacji i produkcji kruszyw w oparciu o recycling odpad\u00f3w betonowych \u017celbetowych w miejscu ich wytworzenia z wykorzystaniem mobilnego systemu segregacji\u201d w ramach dofinansowania wprowadzili\u015bmy now\u0105 us\u0142ug\u0119 polegaj\u0105c\u0105 na wdro\u017ceniu innowacyjnej mobilnej us\u0142ugi na segregacj\u0119 i produkcj\u0119 kruszyw w oparciu o recykling odpad\u00f3w betonowych \u017celbetowych z wykorzystaniem mobilnego systemu segregacji.<\/span>[\/vc_column_text][vc_separator color=&#8221;blue&#8221; border_width=&#8221;4&#8243;][vc_empty_space][vc_single_image image=&#8221;7035&#8243; img_size=&#8221;512&#215;362&#8243; style=&#8221;vc_box_shadow&#8221;][\/vc_column][vc_column][\/vc_column][vc_column][\/vc_column][vc_column][\/vc_column][vc_column][\/vc_column][\/vc_row][vc_row row_btt_skin=&#8221;light&#8221; row_background_text_position=&#8221;front&#8221;][vc_column][vc_column_text]<a href=\"https:\/\/transbud-wulkan.pl\/wp-content\/uploads\/2021\/05\/Zapytanie_ofertowe_01_2016.pdf\" target=\"_blank\" rel=\"noopener\"><span style=\"color: #333333;\">Zapytanie ofertowe na dostaw\u0119 \u015brodk\u00f3w trwa\u0142ych w ramach realizowanego projektu &#8211; oznaczenie sprawy 01\/2016<\/span><\/a><\/p>\n<p><a href=\"https:\/\/transbud-wulkan.pl\/wp-content\/uploads\/2021\/05\/Zawiadomienie_cz_A.pdf\" target=\"_blank\" rel=\"noopener\"><span style=\"color: #333333;\">Zawiadomienie o wyborze najkorzystniejszej oferty &#8211; dotyczy cz\u0119\u015bci A<\/span><\/a><\/p>\n<p><a href=\"https:\/\/transbud-wulkan.pl\/wp-content\/uploads\/2021\/05\/Zawiadomienie_cz_B.pdf\" target=\"_blank\" rel=\"noopener\"><span style=\"color: #333333;\">Zawiadomienie o wyborze najkorzystniejszej oferty &#8211; dotyczy cz\u0119\u015bci B<\/span><\/a><\/p>\n<p><a href=\"https:\/\/transbud-wulkan.pl\/wp-content\/uploads\/2021\/05\/Zawiadomienie_cz_C.pdf\" target=\"_blank\" rel=\"noopener\"><span style=\"color: #333333;\">Zawiadomienie o wyborze najkorzystniejszej oferty &#8211; dotyczy cz\u0119\u015bci C<\/span><\/a><\/p>\n<p><a href=\"https:\/\/transbud-wulkan.pl\/wp-content\/uploads\/2021\/05\/Zawiadomienie_cz_D.pdf\" target=\"_blank\" rel=\"noopener\"><span style=\"color: #333333;\">Zawiadomienie o wyborze najkorzystniejszej oferty &#8211; dotyczy cz\u0119\u015bci D<\/span><\/a><\/p>\n<p><a href=\"https:\/\/transbud-wulkan.pl\/wp-content\/uploads\/2021\/05\/Zawiadomienie_cz_E.pdf\" target=\"_blank\" rel=\"noopener\"><span style=\"color: #333333;\">Zawiadomienie o wyborze najkorzystniejszej oferty &#8211; dotyczy cz\u0119\u015bci E<\/span><\/a><\/p>\n<p><a href=\"https:\/\/transbud-wulkan.pl\/wp-content\/uploads\/2021\/05\/Zawiadomienie_cz_F.pdf\" target=\"_blank\" rel=\"noopener\"><span style=\"color: #333333;\">Zawiadomienie o wyborze najkorzystniejszej oferty &#8211; dotyczy cz\u0119\u015bci F<\/span><\/a>[\/vc_column_text][\/vc_column][\/vc_row]<\/p>\n","protected":false},"excerpt":{"rendered":"<p>[vc_row row_btt_skin=&#8221;light&#8221; row_background_text_position=&#8221;front&#8221;][vc_column][vc_column_text] DOTACJE, PROJEKTY UE [\/vc_column_text][vc_empty_space height=&#8221;48px&#8221;][\/vc_column][\/vc_row][vc_row row_btt_skin=&#8221;light&#8221; row_background_text_position=&#8221;front&#8221;][vc_column][vc_single_image image=&#8221;7511&#8243; img_size=&#8221;large&#8221; alignment=&#8221;center&#8221;][vc_column_text] #FunduszeUE Wprowadzenie nowego produktu celem zwi\u0119kszenia konkurencyjno\u015bci oraz \u0142agodzenia skutk\u00f3w transformacji Celem projektu jest wprowadzenie nowego produktu oraz procesu opieraj\u0105cych si\u0119 na koncepcji wykorzystania do produkcji produkt\u00f3w&hellip; <a class=\"continue\" href=\"https:\/\/transbud-wulkan.pl\/index.php\/dotacje-projekty-ue\/\">Continue Reading<span> Dotacje, projekty UE<\/span><\/a><\/p>\n","protected":false},"author":2,"featured_media":0,"parent":0,"menu_order":0,"comment_status":"closed","ping_status":"closed","template":"","meta":{"footnotes":""},"class_list":["post-7026","page","type-page","status-publish","hentry"],"_links":{"self":[{"href":"https:\/\/transbud-wulkan.pl\/index.php\/wp-json\/wp\/v2\/pages\/7026","targetHints":{"allow":["GET"]}}],"collection":[{"href":"https:\/\/transbud-wulkan.pl\/index.php\/wp-json\/wp\/v2\/pages"}],"about":[{"href":"https:\/\/transbud-wulkan.pl\/index.php\/wp-json\/wp\/v2\/types\/page"}],"author":[{"embeddable":true,"href":"https:\/\/transbud-wulkan.pl\/index.php\/wp-json\/wp\/v2\/users\/2"}],"replies":[{"embeddable":true,"href":"https:\/\/transbud-wulkan.pl\/index.php\/wp-json\/wp\/v2\/comments?post=7026"}],"version-history":[{"count":25,"href":"https:\/\/transbud-wulkan.pl\/index.php\/wp-json\/wp\/v2\/pages\/7026\/revisions"}],"predecessor-version":[{"id":7724,"href":"https:\/\/transbud-wulkan.pl\/index.php\/wp-json\/wp\/v2\/pages\/7026\/revisions\/7724"}],"wp:attachment":[{"href":"https:\/\/transbud-wulkan.pl\/index.php\/wp-json\/wp\/v2\/media?parent=7026"}],"curies":[{"name":"wp","href":"https:\/\/api.w.org\/{rel}","templated":true}]}}