{"id":7287,"date":"2021-05-28T11:10:58","date_gmt":"2021-05-28T09:10:58","guid":{"rendered":"https:\/\/transbud-wulkan.pl\/?page_id=7287"},"modified":"2022-12-15T12:04:12","modified_gmt":"2022-12-15T11:04:12","slug":"kontakt","status":"publish","type":"page","link":"https:\/\/transbud-wulkan.pl\/index.php\/kontakt\/","title":{"rendered":"Kontakt"},"content":{"rendered":"<p>[vc_row row_btt_skin=&#8221;light&#8221; row_background_text_position=&#8221;front&#8221;][vc_column][\/vc_column][\/vc_row][vc_row row_btt_skin=&#8221;light&#8221; row_background_text_position=&#8221;front&#8221;][vc_column width=&#8221;1\/3&#8243;][vc_single_image image=&#8221;7291&#8243; img_size=&#8221;medium&#8221; alignment=&#8221;center&#8221; style=&#8221;vc_box_circle_2&#8243;][\/vc_column][vc_column width=&#8221;1\/3&#8243;][vc_column_text]<\/p>\n<p style=\"text-align: center;\"><strong><span style=\"color: #000080;\">TRANSBUD-WULKAN Zdzis\u0142aw Wszo\u0142a Sp\u00f3\u0142ka z o.o.<\/span><\/strong><\/p>\n<p style=\"text-align: center;\"><span style=\"color: #000080;\">ul. A. Mickiewicza 56, 42-506 B\u0119dzin <\/span><\/p>\n<p style=\"text-align: center;\"><span style=\"color: #000080;\">NIP: 625-248-51-70, REGON 523808964<\/span><\/p>\n<p>[\/vc_column_text][vc_row_inner][vc_column_inner][vc_icon type=&#8221;entypo&#8221; icon_entypo=&#8221;entypo-icon entypo-icon-phone&#8221; color=&#8221;custom&#8221; size=&#8221;lg&#8221; align=&#8221;center&#8221; custom_color=&#8221;#000080&#8243; css=&#8221;.vc_custom_1622198202384{margin-bottom: -30px !important;}&#8221;][\/vc_column_inner][\/vc_row_inner][vc_column_text]<\/p>\n<h5 style=\"text-align: center;\"><span style=\"color: #000080;\">+48 32 360 17 89<\/span><\/h5>\n<p>[\/vc_column_text][vc_empty_space height=&#8221;8px&#8221;][vc_icon type=&#8221;entypo&#8221; icon_entypo=&#8221;entypo-icon entypo-icon-mail&#8221; color=&#8221;custom&#8221; align=&#8221;center&#8221; custom_color=&#8221;#000080&#8243; css=&#8221;.vc_custom_1622199345347{margin-bottom: -15px !important;}&#8221;][vc_column_text css_animation=&#8221;bounceIn&#8221; css=&#8221;.vc_custom_1622199367016{margin-bottom: 10px !important;}&#8221;]<\/p>\n<p style=\"text-align: center;\"><a href=\"mailto:biuro@transbud-wulkan.pl\"><strong><span style=\"color: #000080;\">biuro@transbud-wulkan.pl<\/span><\/strong><\/a><\/p>\n<p>[\/vc_column_text][vc_column_text]<\/p>\n<p style=\"text-align: center;\"><a href=\"https:\/\/transbud-wulkan.pl\/wp-content\/uploads\/2022\/12\/Zawiadomienie-o-zmianie-formy-prawnej.pdf\"><strong>Zawiadomienie o zmianie formy prawnej &#8211; kliknij!<\/strong><\/a><\/p>\n<p>[\/vc_column_text][\/vc_column][vc_column width=&#8221;1\/3&#8243;][vc_single_image image=&#8221;7294&#8243; img_size=&#8221;large&#8221; alignment=&#8221;right&#8221; style=&#8221;vc_box_circle_2&#8243;][\/vc_column][\/vc_row][vc_row row_btt_skin=&#8221;light&#8221; row_background_text_position=&#8221;front&#8221;][vc_column][\/vc_column][\/vc_row][vc_row row_btt_skin=&#8221;light&#8221; row_background_text_position=&#8221;front&#8221;][vc_column][\/vc_column][\/vc_row]<\/p>\n","protected":false},"excerpt":{"rendered":"<p>[vc_row row_btt_skin=&#8221;light&#8221; row_background_text_position=&#8221;front&#8221;][vc_column][\/vc_column][\/vc_row][vc_row row_btt_skin=&#8221;light&#8221; row_background_text_position=&#8221;front&#8221;][vc_column width=&#8221;1\/3&#8243;][vc_single_image image=&#8221;7291&#8243; img_size=&#8221;medium&#8221; alignment=&#8221;center&#8221; style=&#8221;vc_box_circle_2&#8243;][\/vc_column][vc_column width=&#8221;1\/3&#8243;][vc_column_text] TRANSBUD-WULKAN Zdzis\u0142aw Wszo\u0142a Sp\u00f3\u0142ka z o.o. ul. A. Mickiewicza 56, 42-506 B\u0119dzin NIP: 625-248-51-70, REGON 523808964 [\/vc_column_text][vc_row_inner][vc_column_inner][vc_icon type=&#8221;entypo&#8221; icon_entypo=&#8221;entypo-icon entypo-icon-phone&#8221; color=&#8221;custom&#8221; size=&#8221;lg&#8221; align=&#8221;center&#8221; custom_color=&#8221;#000080&#8243; css=&#8221;.vc_custom_1622198202384{margin-bottom: -30px !important;}&#8221;][\/vc_column_inner][\/vc_row_inner][vc_column_text] +48 32&hellip; <a class=\"continue\" href=\"https:\/\/transbud-wulkan.pl\/index.php\/kontakt\/\">Continue Reading<span> Kontakt<\/span><\/a><\/p>\n","protected":false},"author":2,"featured_media":0,"parent":0,"menu_order":0,"comment_status":"closed","ping_status":"closed","template":"","meta":{"footnotes":""},"class_list":["post-7287","page","type-page","status-publish","hentry"],"_links":{"self":[{"href":"https:\/\/transbud-wulkan.pl\/index.php\/wp-json\/wp\/v2\/pages\/7287","targetHints":{"allow":["GET"]}}],"collection":[{"href":"https:\/\/transbud-wulkan.pl\/index.php\/wp-json\/wp\/v2\/pages"}],"about":[{"href":"https:\/\/transbud-wulkan.pl\/index.php\/wp-json\/wp\/v2\/types\/page"}],"author":[{"embeddable":true,"href":"https:\/\/transbud-wulkan.pl\/index.php\/wp-json\/wp\/v2\/users\/2"}],"replies":[{"embeddable":true,"href":"https:\/\/transbud-wulkan.pl\/index.php\/wp-json\/wp\/v2\/comments?post=7287"}],"version-history":[{"count":39,"href":"https:\/\/transbud-wulkan.pl\/index.php\/wp-json\/wp\/v2\/pages\/7287\/revisions"}],"predecessor-version":[{"id":7492,"href":"https:\/\/transbud-wulkan.pl\/index.php\/wp-json\/wp\/v2\/pages\/7287\/revisions\/7492"}],"wp:attachment":[{"href":"https:\/\/transbud-wulkan.pl\/index.php\/wp-json\/wp\/v2\/media?parent=7287"}],"curies":[{"name":"wp","href":"https:\/\/api.w.org\/{rel}","templated":true}]}}