{"id":7502,"date":"2023-06-19T19:33:33","date_gmt":"2023-06-19T17:33:33","guid":{"rendered":"https:\/\/transbud-wulkan.pl\/?page_id=7502"},"modified":"2023-06-19T19:35:44","modified_gmt":"2023-06-19T17:35:44","slug":"utylizacja-odpadow-mierzecice","status":"publish","type":"page","link":"https:\/\/transbud-wulkan.pl\/index.php\/utylizacja-odpadow-mierzecice\/","title":{"rendered":"Utylizacja odpad\u00f3w &#8211; Mierz\u0119cice"},"content":{"rendered":"<p>[vc_row row_btt_skin=&#8221;light&#8221; row_background_text_position=&#8221;front&#8221;][vc_column][vc_column_text]<\/p>\n<h3><span style=\"color: #000080;\">UTYLIZACJA ODPAD\u00d3W<\/span><\/h3>\n<p>[\/vc_column_text][\/vc_column][\/vc_row][vc_row row_btt_skin=&#8221;light&#8221; row_background_text_position=&#8221;front&#8221;][vc_column][vc_empty_space][vc_column_text]<span style=\"color: #333333;\">Utylizujemy odpady z rozbi\u00f3rek i remont\u00f3w obiekt\u00f3w. Oferujemy gospodark\u0119 odpadami z wydobywania kopalni, jak i powstaj\u0105ce przy ich p\u0142ukaniu i oczyszczaniu. Przyjmujemy odpady niebezpieczne, jak r\u00f3wnie\u017c ziemi\u0119 z wykop\u00f3w. Posiadamy stosowne dokumenty zezwalaj\u0105ce na utylizacj\u0119 wszystkich odpad\u00f3w.<\/span>[\/vc_column_text][vc_empty_space][\/vc_column][\/vc_row][vc_row row_btt_skin=&#8221;light&#8221; row_background_text_position=&#8221;front&#8221;][vc_column][vc_column_text]<span style=\"color: #333333;\">Informujemy r\u00f3wnie\u017c ,i\u017c posiadamy wymagane decyzje na wytworzenie i odzysk odpad\u00f3w okre\u015blone przepisami. Prowadzimy pe\u0142n\u0105 dokumentacj\u0119 przej\u0119cia odpadu &#8211; karty przekazania oraz zbiorcze zestawienia.<\/span>[\/vc_column_text][vc_empty_space][\/vc_column][\/vc_row][vc_row row_btt_skin=&#8221;light&#8221; row_background_text_position=&#8221;front&#8221;][vc_column][vc_column_text]<a href=\"https:\/\/transbud-wulkan.pl\/wp-content\/uploads\/2023\/04\/Decyzja-na-przetwarzanie-Mierzecice-decyzja-Starosty-Bedzinskiego-z-dn.-03.03.2023.pdf\"><span style=\"color: #000000;\">Decyzja na przetwarzanie Mierz\u0119cice &#8211; decyzja Starosty B\u0119dzi\u0144skiego z dn. 03.03.2023 KLIKNIJ)<\/span><\/a>[\/vc_column_text][vc_empty_space][\/vc_column][\/vc_row][vc_row row_btt_skin=&#8221;light&#8221; row_background_text_position=&#8221;front&#8221;][vc_column][vc_column_text]<strong>Wykaz odpad\u00f3w kt\u00f3re mog\u0105 by\u0107 przyjmowane do zagospodarowania w ramach utwardzania terenu w Mierz\u0119cicach<\/strong><\/p>\n<p>&nbsp;<\/p>\n<table width=\"643\">\n<tbody>\n<tr>\n<td width=\"40\">Lp.<\/td>\n<td width=\"91\">Kod odpadu<\/td>\n<td width=\"414\">Rodzaj odpadu<\/td>\n<td width=\"98\">Ilo\u015b\u0107 odpadu w Mg\/rok<\/td>\n<\/tr>\n<tr>\n<td width=\"40\">1<\/td>\n<td width=\"91\">ex 01 01 02<\/td>\n<td width=\"414\">Sta\u0142e odpady z wydobywania kopalin innych ni\u017c rudy metali<\/td>\n<td width=\"98\">100000<\/td>\n<\/tr>\n<tr>\n<td width=\"40\">2<\/td>\n<td width=\"91\">01 01 80<\/td>\n<td width=\"414\">Odpady skalne z g\u00f3rnictwa miedzi, cynku i o\u0142owiu<\/td>\n<td width=\"98\">100000<\/td>\n<\/tr>\n<tr>\n<td width=\"40\">3<\/td>\n<td width=\"91\">ex 01 03 81<\/td>\n<td width=\"414\">Sta\u0142e odpady z flotacyjnego wzbogacania rud metali nie\u017celaznych inne ni\u017c wymienione w 01 03 80<\/td>\n<td width=\"98\">100000<\/td>\n<\/tr>\n<tr>\n<td width=\"40\">4<\/td>\n<td width=\"91\">01 04 08<\/td>\n<td width=\"414\">Odpady \u017cwiru lub skruszone ska\u0142y inne ni\u017c wymienione w 01 04 07<\/td>\n<td width=\"98\">100000<\/td>\n<\/tr>\n<tr>\n<td width=\"40\">5<\/td>\n<td width=\"91\">01 04 09<\/td>\n<td width=\"414\">Odpadowe piaski i i\u0142y<\/td>\n<td width=\"98\">100000<\/td>\n<\/tr>\n<tr>\n<td width=\"40\">6<\/td>\n<td width=\"91\">ex 01 04 12<\/td>\n<td width=\"414\">Sta\u0142e odpady powstaj\u0105ce przy p\u0142ukaniu i oczyszczaniu kopalin inne ni\u017c wymienione w 01 04 07 i 01 04 11<\/td>\n<td width=\"98\">100000<\/td>\n<\/tr>\n<tr>\n<td width=\"40\">7<\/td>\n<td width=\"91\">01 04 13<\/td>\n<td width=\"414\">Odpady powstaj\u0105ce przy ci\u0119ciu i obr\u00f3bce postaciowej ska\u0142 inne ni\u017c wymienione w 01 04 07<\/td>\n<td width=\"98\">100000<\/td>\n<\/tr>\n<tr>\n<td width=\"40\">8<\/td>\n<td width=\"91\">ex 01 04 81<\/td>\n<td width=\"414\">Sta\u0142e odpady z flotacyjnego wzbogacania w\u0119gla inne ni\u017c wymienione w 01 04 80<\/td>\n<td width=\"98\">100000<\/td>\n<\/tr>\n<tr>\n<td width=\"40\">9<\/td>\n<td width=\"91\">ex 02 04 01<\/td>\n<td width=\"414\">Sta\u0142e odpady z oczyszczania i mycia burak\u00f3w<\/td>\n<td width=\"98\">100000<\/td>\n<\/tr>\n<tr>\n<td width=\"40\">10<\/td>\n<td width=\"91\">ex 06 03 99<\/td>\n<td width=\"414\">Odpady z przesiewu i przepa\u0142u kamienia wapiennego<\/td>\n<td width=\"98\">100000<\/td>\n<\/tr>\n<tr>\n<td width=\"40\">11<\/td>\n<td width=\"91\">ex 10 01 01<\/td>\n<td width=\"414\">\u017bu\u017cle<\/td>\n<td width=\"98\">100000<\/td>\n<\/tr>\n<tr>\n<td width=\"40\">12<\/td>\n<td width=\"91\">ex 10 01 80<\/td>\n<td width=\"414\">Sta\u0142e odpady w postaci mieszanek popio\u0142owo-\u017cu\u017clowych z mokrego odprowadzania odpad\u00f3w paleniskowych<\/td>\n<td width=\"98\">100000<\/td>\n<\/tr>\n<tr>\n<td width=\"40\">13<\/td>\n<td width=\"91\">10 02 01<\/td>\n<td width=\"414\">\u017bu\u017cle z proces\u00f3w wytapiania (wielkopiecowe, stalownicze)<\/td>\n<td width=\"98\">100000<\/td>\n<\/tr>\n<tr>\n<td width=\"40\">14<\/td>\n<td width=\"91\">10 05 80<\/td>\n<td width=\"414\">\u017bu\u017cle granulowane z piec\u00f3w szybowych oraz \u017cu\u017cle z piec\u00f3w obrotowych<\/td>\n<td width=\"98\">100000<\/td>\n<\/tr>\n<tr>\n<td width=\"40\">15<\/td>\n<td width=\"91\">10 06 80<\/td>\n<td width=\"414\">\u017bu\u017cle szybowe i granulowane<\/td>\n<td width=\"98\">100000<\/td>\n<\/tr>\n<tr>\n<td width=\"40\">16<\/td>\n<td width=\"91\">10 09 03<\/td>\n<td width=\"414\">\u017bu\u017cle odlewnicze<\/td>\n<td width=\"98\">100000<\/td>\n<\/tr>\n<tr>\n<td width=\"40\">17<\/td>\n<td width=\"91\">10 09 06<\/td>\n<td width=\"414\">Rdzenie i formy odlewnicze przed procesem odlewania inne ni\u017c wymienione w 10 09 05<\/td>\n<td width=\"98\">100000<\/td>\n<\/tr>\n<tr>\n<td width=\"40\">18<\/td>\n<td width=\"91\">10 09 08<\/td>\n<td width=\"414\">Rdzenie i formy odlewnicze po procesie odlewania inne ni\u017c wymienione w 10 09 07<\/td>\n<td width=\"98\">100000<\/td>\n<\/tr>\n<tr>\n<td width=\"40\">19<\/td>\n<td width=\"91\">10 09 12<\/td>\n<td width=\"414\">Inne cz\u0105stki sta\u0142e ni\u017c wymienione w 10 09 11<\/td>\n<td width=\"98\">100000<\/td>\n<\/tr>\n<tr>\n<td width=\"40\">20<\/td>\n<td width=\"91\">10 10 06<\/td>\n<td width=\"414\">Rdzenie i firmy odlewnicze przed procesem odlewania inne ni\u017c wymienione w 10 10 05<\/td>\n<td width=\"98\">100000<\/td>\n<\/tr>\n<tr>\n<td width=\"40\">21<\/td>\n<td width=\"91\">10 10 08<\/td>\n<td width=\"414\">Rdzenie i formy odlewnicze po procesie odlewania inne ni\u017c wymienione w 10 10 07<\/td>\n<td width=\"98\">100000<\/td>\n<\/tr>\n<tr>\n<td width=\"40\">22<\/td>\n<td width=\"91\">10 12 01<\/td>\n<td width=\"414\">Odpady z przygotowania mas wsadowych do obr\u00f3bki termicznej<\/td>\n<td width=\"98\">100000<\/td>\n<\/tr>\n<tr>\n<td width=\"40\">23<\/td>\n<td width=\"91\">10 12 06<\/td>\n<td width=\"414\">Zu\u017cyte formy<\/td>\n<td width=\"98\">100000<\/td>\n<\/tr>\n<tr>\n<td width=\"40\">24<\/td>\n<td width=\"91\">10 12 08<\/td>\n<td width=\"414\">Wybrakowane wyroby ceramiczne, ceg\u0142y, kafle i ceramika budowlana (po przer\u00f3bce termicznej)<\/td>\n<td width=\"98\">100000<\/td>\n<\/tr>\n<tr>\n<td width=\"40\">25<\/td>\n<td width=\"91\">10 13 82<\/td>\n<td width=\"414\">Wybrakowane wyroby<\/td>\n<td width=\"98\">100000<\/td>\n<\/tr>\n<tr>\n<td width=\"40\">26<\/td>\n<td width=\"91\">ex 16 07 99<\/td>\n<td width=\"414\">Ziemia, piasek, mia\u0142 z czyszczenia wagon\u00f3w dostarczaj\u0105cych z\u0142om<\/td>\n<td width=\"98\">100000<\/td>\n<\/tr>\n<tr>\n<td width=\"40\">27<\/td>\n<td width=\"91\">16 11 04<\/td>\n<td width=\"414\">Ok\u0142adziny piecowe i materia\u0142y ogniotrwa\u0142e z proces\u00f3w metalurgicznych inne ni\u017c wymienione w 16 11 03<\/td>\n<td width=\"98\">100000<\/td>\n<\/tr>\n<tr>\n<td width=\"40\">28<\/td>\n<td width=\"91\">17 01 01<\/td>\n<td width=\"414\">Odpady betonu oraz gruz betonowy z rozbi\u00f3rek i remont\u00f3w<\/td>\n<td width=\"98\">100000<\/td>\n<\/tr>\n<tr>\n<td width=\"40\">29<\/td>\n<td width=\"91\">17 01 02<\/td>\n<td width=\"414\">Gruz ceglany<\/td>\n<td width=\"98\">100000<\/td>\n<\/tr>\n<tr>\n<td width=\"40\">30<\/td>\n<td width=\"91\">ex 17 01 03<\/td>\n<td width=\"414\">Odpady innych materia\u0142\u00f3w ceramicznych i element\u00f3w wyposa\u017cenia (wykonane z ceramiki)<\/td>\n<td width=\"98\">100000<\/td>\n<\/tr>\n<tr>\n<td width=\"40\">31<\/td>\n<td width=\"91\">17 01 81<\/td>\n<td width=\"414\">Odpady z remont\u00f3w i przebudowy dr\u00f3g<\/td>\n<td width=\"98\">100000<\/td>\n<\/tr>\n<tr>\n<td width=\"40\">32<\/td>\n<td width=\"91\">17 05 04<\/td>\n<td width=\"414\">Gleba i ziemia, w tym kamienie, inne ni\u017c wymienione w 17 05 03<\/td>\n<td width=\"98\">100000<\/td>\n<\/tr>\n<tr>\n<td width=\"40\">33<\/td>\n<td width=\"91\">ex 17 05 06<\/td>\n<td width=\"414\">Urobek z pog\u0142\u0119biania rzek g\u00f3rskich inny ni\u017c wymieniony w 17 05 05* tzn spe\u0142niaj\u0105cy warunki wymienione w lp. 11<\/td>\n<td width=\"98\">100000<\/td>\n<\/tr>\n<tr>\n<td width=\"40\">34<\/td>\n<td width=\"91\">17 05 08<\/td>\n<td width=\"414\">T\u0142ucze\u0144 torowy (kruszywo) inny ni\u017c wymieniony w 17 05 07<\/td>\n<td width=\"98\">100000<\/td>\n<\/tr>\n<tr>\n<td width=\"40\">35<\/td>\n<td width=\"91\">20 02 02<\/td>\n<td width=\"414\">Gleba i ziemia, w tym kamienie<\/td>\n<td width=\"98\">100000<\/td>\n<\/tr>\n<\/tbody>\n<\/table>\n<p>&nbsp;<\/p>\n<p>Odpady z grupy 17 01 oraz odpady o kodach 10 10 06, 10 10 08, 10 12 06, 10 12 08, 10 13 82 w przypadku dostosowania ich sk\u0142adu granulometrycznego do realizacji przedsi\u0119wzi\u0119cia, przed zastosowaniem poddaje si\u0119 kruszeniu.[\/vc_column_text][\/vc_column][\/vc_row]<\/p>\n","protected":false},"excerpt":{"rendered":"<p>[vc_row row_btt_skin=&#8221;light&#8221; row_background_text_position=&#8221;front&#8221;][vc_column][vc_column_text] UTYLIZACJA ODPAD\u00d3W [\/vc_column_text][\/vc_column][\/vc_row][vc_row row_btt_skin=&#8221;light&#8221; row_background_text_position=&#8221;front&#8221;][vc_column][vc_empty_space][vc_column_text]Utylizujemy odpady z rozbi\u00f3rek i remont\u00f3w obiekt\u00f3w. Oferujemy gospodark\u0119 odpadami z wydobywania kopalni, jak i powstaj\u0105ce przy ich p\u0142ukaniu i oczyszczaniu. Przyjmujemy odpady niebezpieczne, jak r\u00f3wnie\u017c ziemi\u0119 z wykop\u00f3w. Posiadamy stosowne dokumenty zezwalaj\u0105ce&hellip; <a class=\"continue\" href=\"https:\/\/transbud-wulkan.pl\/index.php\/utylizacja-odpadow-mierzecice\/\">Continue Reading<span> Utylizacja odpad\u00f3w &#8211; Mierz\u0119cice<\/span><\/a><\/p>\n","protected":false},"author":1,"featured_media":0,"parent":0,"menu_order":0,"comment_status":"closed","ping_status":"closed","template":"","meta":{"footnotes":""},"class_list":["post-7502","page","type-page","status-publish","hentry"],"_links":{"self":[{"href":"https:\/\/transbud-wulkan.pl\/index.php\/wp-json\/wp\/v2\/pages\/7502","targetHints":{"allow":["GET"]}}],"collection":[{"href":"https:\/\/transbud-wulkan.pl\/index.php\/wp-json\/wp\/v2\/pages"}],"about":[{"href":"https:\/\/transbud-wulkan.pl\/index.php\/wp-json\/wp\/v2\/types\/page"}],"author":[{"embeddable":true,"href":"https:\/\/transbud-wulkan.pl\/index.php\/wp-json\/wp\/v2\/users\/1"}],"replies":[{"embeddable":true,"href":"https:\/\/transbud-wulkan.pl\/index.php\/wp-json\/wp\/v2\/comments?post=7502"}],"version-history":[{"count":3,"href":"https:\/\/transbud-wulkan.pl\/index.php\/wp-json\/wp\/v2\/pages\/7502\/revisions"}],"predecessor-version":[{"id":7506,"href":"https:\/\/transbud-wulkan.pl\/index.php\/wp-json\/wp\/v2\/pages\/7502\/revisions\/7506"}],"wp:attachment":[{"href":"https:\/\/transbud-wulkan.pl\/index.php\/wp-json\/wp\/v2\/media?parent=7502"}],"curies":[{"name":"wp","href":"https:\/\/api.w.org\/{rel}","templated":true}]}}